{"id":3241,"date":"2025-12-22T08:25:16","date_gmt":"2025-12-22T08:25:16","guid":{"rendered":"https:\/\/www.smilevos.gr\/politique-de-confidentialite\/"},"modified":"2026-05-06T07:37:00","modified_gmt":"2026-05-06T07:37:00","slug":"politique-de-confidentialite","status":"publish","type":"page","link":"https:\/\/www.smilevos.gr\/fr\/politique-de-confidentialite\/","title":{"rendered":"Politique de confidentialit\u00e9"},"content":{"rendered":"\t\t<div data-elementor-type=\"wp-page\" data-elementor-id=\"3241\" class=\"elementor elementor-3241 elementor-3\" data-elementor-post-type=\"page\">\n\t\t\t\t<div data-particle_enable=\"false\" data-particle-mobile-disabled=\"false\" class=\"elementor-element elementor-element-9b44d6c e-flex e-con-boxed e-con e-parent\" data-id=\"9b44d6c\" data-element_type=\"container\" data-e-type=\"container\" data-settings=\"{&quot;background_background&quot;:&quot;classic&quot;}\">\n\t\t\t\t\t<div class=\"e-con-inner\">\n\t\t\t\t\t<\/div>\n\t\t\t\t<\/div>\n\t\t<div data-particle_enable=\"false\" data-particle-mobile-disabled=\"false\" class=\"elementor-element elementor-element-05df829 e-flex e-con-boxed e-con e-parent\" data-id=\"05df829\" data-element_type=\"container\" data-e-type=\"container\">\n\t\t\t\t\t<div class=\"e-con-inner\">\n\t\t\t\t<div class=\"elementor-element elementor-element-d770e96 elementor-widget elementor-widget-text-editor\" data-id=\"d770e96\" data-element_type=\"widget\" data-e-type=\"widget\" data-widget_type=\"text-editor.default\">\n\t\t\t\t\t\t\t\t\t<h2>Politique de confidentialit\u00e9<\/h2>\nLa soci\u00e9t\u00e9 <strong>Smile Vosmandros D. SA<\/strong>, situ\u00e9e dans la zone industrielle de Thessalonique, DA 12A, CP 57022 Sindos, t\u00e9l. +30-2310-680544, garantit la confidentialit\u00e9 de vos donn\u00e9es personnelles et applique le R\u00e8glement g\u00e9n\u00e9ral sur la protection des donn\u00e9es (RGPD) 679\/2016 de l&rsquo;Union europ\u00e9enne ainsi que la l\u00e9gislation grecque en vigueur dans toutes ses proc\u00e9dures et \u00e0 toutes les \u00e9tapes de ses communications avec vous.\n<h3>Objet de la pr\u00e9sente politique<\/h3>\nLa pr\u00e9sente politique de protection des donn\u00e9es personnelles concerne Smile Vosmandros D. SA et les donn\u00e9es personnelles des personnes physiques trait\u00e9es par la soci\u00e9t\u00e9. Elle fournit \u00e0 toute personne, client ou visiteur du site web de notre soci\u00e9t\u00e9 (<a href=\"https:\/\/www.smilevos.gr\/fr\/\" target=\"_blank\" rel=\"noopener\">https:\/\/www.smilevos.gr\/<\/a> ) des informations claires et transparentes sur les pratiques mises en \u0153uvre pour la gestion et la protection des donn\u00e9es personnelles. \n\nElle concerne toute op\u00e9ration ou s\u00e9rie d&rsquo;op\u00e9rations effectu\u00e9es, avec ou sans l&rsquo;utilisation de moyens automatis\u00e9s, sur des donn\u00e9es personnelles ou des ensembles de donn\u00e9es personnelles, telles que la collecte, l&rsquo;enregistrement, l&rsquo;organisation, la structuration, le stockage, l&rsquo;adaptation ou la modification, l&rsquo;extraction, la recherche d&rsquo;informations, l&rsquo;utilisation, la communication par transmission, la diffusion ou toute autre forme d&rsquo;\u00e9limination, l&rsquo;association ou la combinaison, la limitation, l&rsquo;effacement ou la destruction\n\nLa pr\u00e9sente politique est mise \u00e0 jour r\u00e9guli\u00e8rement et peut \u00eatre modifi\u00e9e en cas de besoin, sans pr\u00e9avis, toujours dans le respect du cadre l\u00e9gal applicable et conform\u00e9ment \u00e0 toute \u00e9volution de la l\u00e9gislation en vigueur relative \u00e0 la protection des donn\u00e9es personnelles. Nous vous invitons donc \u00e0 consulter notre site web <a href=\"https:\/\/www.smilevos.gr\/fr\/\" target=\"_blank\" rel=\"noopener\">https:\/\/www.smilevos.gr\/<\/a> sur lequel toute version publi\u00e9e de cette politique pr\u00e9vaut sur la version imprim\u00e9e. \n<h3>D\u00e9finitions<\/h3>\nD\u00e9finitions Le terme \u00ab <strong>donn\u00e9es personnelles<\/strong> \u00bb, ci-apr\u00e8s d\u00e9nomm\u00e9 \u00ab Donn\u00e9es personnelles \u00bb ou \u00ab Donn\u00e9es \u00bb, d\u00e9signe toute information concernant une personne physique identifi\u00e9e ou identifiable (par exemple, nom, num\u00e9ro d&rsquo;identification, adresse, etc.). Les donn\u00e9es relatives \u00e0 la sant\u00e9 (\u00e9tat physique ou mental, recours \u00e0 des soins m\u00e9dicaux, etc.) sont incluses dans la d\u00e9finition g\u00e9n\u00e9rale des donn\u00e9es personnelles. Toutefois, elles constituent une cat\u00e9gorie particuli\u00e8re de donn\u00e9es. \n\nAux fins de la pr\u00e9sente politique de confidentialit\u00e9, les d\u00e9finitions du R\u00e8glement g\u00e9n\u00e9ral sur la protection des donn\u00e9es (RGPD) (2016\/679) de l\u2019UE s\u2019appliquent.\n<h3>Base juridique<\/h3>\nLes donn\u00e9es personnelles sont collect\u00e9es selon les modalit\u00e9s suivantes:\n<ol type=\"a\">\n \t<li><strong>Lors de votre candidature \u00e0 un emploi<\/strong> La communication de vos donn\u00e9es personnelles dans le cadre de l\u2019envoi de votre CV pour postuler \u00e0 un poste au sein de notre entreprise est automatique et volontaire. Sans cette communication, il serait impossible d\u2019\u00e9valuer votre candidature. Le traitement de ces donn\u00e9es est fond\u00e9 sur l\u2019article 6, paragraphe 1, point b), du RGPD. Pour plus d\u2019informations, veuillez consulter notre Politique relative aux CV.  <\/li>\n \t<li><strong>Lorsque vous remplissez des formulaires et des formulaires de consentement<\/strong> pour l\u2019utilisation et le traitement de vos donn\u00e9es dans le cadre de la promotion de l\u2019entreprise et de votre participation \u00e0 des op\u00e9rations promotionnelles. La communication de vos donn\u00e9es est volontaire et leur traitement est fond\u00e9 sur l\u2019article 6, paragraphe 1, point a), du R\u00e8glement 2016\/679. <\/li>\n \t<li><strong>Dans le cadre de la transaction conclue entre nous<\/strong> pour l\u2019ex\u00e9cution de nos obligations contractuelles, ainsi que pour le respect par l\u2019entreprise de ses obligations l\u00e9gales, conform\u00e9ment aux articles 6, paragraphe 1, points b) et c), du R\u00e8glement 2016\/679.  <\/li>\n \t<li><strong>Lorsque vous remplissez des formulaires dans le cadre de l&rsquo;application des syst\u00e8mes de management (ISO) <\/strong>au sein de l&rsquo;entreprise, conform\u00e9ment \u00e0 l&rsquo;article 6, paragraphe 1, point f), du R\u00e8glement 2016\/679.<\/li>\n \t<li>Automatiquement, via votre navigateur ou l&rsquo;appareil mobile que vous utilisez pour acc\u00e9der \u00e0 notre site web. Pour plus d&rsquo;informations, veuillez consulter notre Politique relative aux cookies. <\/li>\n \t<li><strong>Lorsque vous remplissez des formulaires \u00e9lectroniques ou envoyez un courriel<\/strong> afin d&rsquo;\u00eatre inform\u00e9(e) sur nos produits et services, conform\u00e9ment aux articles 6, paragraphe 1, points b) et a), du R\u00e8glement 2016\/679.  <\/li>\n<\/ol>\n<h3>Cat\u00e9gories de donn\u00e9es personnelles \u2013 Finalit\u00e9s du traitement<\/h3>\nLes donn\u00e9es personnelles collect\u00e9es et trait\u00e9es ult\u00e9rieurement comprennent:\n<ul>\n \t<li>Les donn\u00e9es d&rsquo;identification telles que vos nom, adresse, coordonn\u00e9es g\u00e9n\u00e9rales (y compris votre adresse \u00e9lectronique et votre num\u00e9ro de t\u00e9l\u00e9phone), etc. \u2014 pour la fourniture de nos services conform\u00e9ment \u00e0 l&rsquo;article 6, paragraphe 1, point b), du R\u00e8glement 2016\/679. <\/li>\n \t<li>Donn\u00e9es d&rsquo;identification telles que CV, niveau d&rsquo;\u00e9tudes, exp\u00e9rience professionnelle, etc. \u2014 exclusivement aux fins de s\u00e9lection et d&rsquo;\u00e9valuation des candidats, conform\u00e9ment \u00e0 l&rsquo;article 6, paragraphe 1, point b), du R\u00e8glement 2016\/679. <\/li>\n \t<li>Donn\u00e9es d&rsquo;identification, donn\u00e9es financi\u00e8res, informations fiscales et de contact, telles que num\u00e9ro de TVA, adresse postale, etc. \u2014 conform\u00e9ment \u00e0 l&rsquo;article 6, paragraphe 1, point c), du R\u00e8glement 2016\/679. <\/li>\n \t<li>Donn\u00e9es d&rsquo;identification telles que nom, coordonn\u00e9es (y compris adresse \u00e9lectronique et num\u00e9ro de t\u00e9l\u00e9phone), etc. \u2014 pour vous informer des actions et \u00e9v\u00e9nements de la Soci\u00e9t\u00e9, conform\u00e9ment \u00e0 l&rsquo;article 6, paragraphe 1, point a), du R\u00e8glement 2016\/679. <\/li>\n<\/ul>\nLa Soci\u00e9t\u00e9 ne traitera pas vos donn\u00e9es personnelles sans votre consentement, lorsque celui-ci est requis. Toutefois, elle se r\u00e9serve le droit, dans des cas exceptionnels, de traiter vos donn\u00e9es personnelles dans la mesure permise ou requise par la loi, et\/ou par une d\u00e9cision de justice ou une injonction du parquet. \n<h3>Destinataires de vos donn\u00e9es<\/h3>\nNous pouvons communiquer vos donn\u00e9es personnelles, \u00e0 titre indicatif, aux destinataires suivants:\n<ol type=\"a\">\n \t<li>Toutes les personnes autoris\u00e9es de notre soci\u00e9t\u00e9 (par exemple, conseillers juridiques, consultants en affaires, experts-comptables externes, techniciens de s\u00e9curit\u00e9, etc.)<\/li>\n \t<li>Les personnes sp\u00e9cifiques de notre soci\u00e9t\u00e9 n\u00e9cessaires au processus de s\u00e9lection des candidats (par exemple, administration, chefs de service, responsable des ressources humaines, etc.)<\/li>\n \t<li>Les partenaires externes autoris\u00e9s (entreprises de logistique, entreprises de transport) n\u00e9cessaires \u00e0 l&rsquo;ex\u00e9cution du contrat qui nous lie<\/li>\n \t<li>Les fournisseurs de services pour ces syst\u00e8mes de traitement de donn\u00e9es<\/li>\n \t<li>Les autorit\u00e9s judiciaires, de surveillance ou de contr\u00f4le, dans le cadre de leur comp\u00e9tence<\/li>\n \t<li>Les tiers ayant un int\u00e9r\u00eat l\u00e9gitime \u00e0 faire valoir leurs droits en justice<\/li>\n<\/ol>\nLa soci\u00e9t\u00e9 s&rsquo;engage \u00e0 ne pas commercialiser vos donn\u00e9es personnelles en les vendant, en les louant, en les transf\u00e9rant ou en les divulguant \u00e0 des tiers, sauf si la loi, une d\u00e9cision de justice, un acte administratif ou une obligation contractuelle n\u00e9cessaire au bon fonctionnement du site web de la soci\u00e9t\u00e9 l&rsquo;exige.\n<h3>Conservation des donn\u00e9es<\/h3>\nLa dur\u00e9e de conservation peut varier consid\u00e9rablement selon le type de donn\u00e9es et leur utilisation. Elle est d\u00e9termin\u00e9e en fonction de crit\u00e8res tels que les d\u00e9lais l\u00e9gaux de conservation, les litiges en cours ou potentiels, la propri\u00e9t\u00e9 intellectuelle ou les droits de propri\u00e9t\u00e9 intellectuelle, les obligations contractuelles, les instructions commerciales ou les besoins d&rsquo;archivage. \n<ul>\n \t<li>Les CV sont conserv\u00e9s pendant un (1) an apr\u00e8s le pourvoi du poste.<\/li>\n \t<li>Les donn\u00e9es fiscales sont conserv\u00e9es conform\u00e9ment \u00e0 la l\u00e9gislation fiscale en vigueur.<\/li>\n \t<li>Les donn\u00e9es collect\u00e9es par le syst\u00e8me de vid\u00e9osurveillance sont conserv\u00e9es pendant 15 jours maximum, apr\u00e8s quoi elles sont automatiquement supprim\u00e9es. Si un incident est constat\u00e9 durant cette p\u00e9riode, les enregistrements pertinents peuvent \u00eatre conserv\u00e9s pendant un (1) mois suppl\u00e9mentaire maximum \u00e0 des fins d&rsquo;enqu\u00eate, ou pendant trois (3) mois maximum s&rsquo;il s&rsquo;agit d&rsquo;un tiers. <\/li>\n<\/ul>\n<h3>Vid\u00e9osurveillance \u2013 Traitement des donn\u00e9es<\/h3>\nNous utilisons un syst\u00e8me de vid\u00e9osurveillance pour la protection des personnes et des biens. Ce traitement est n\u00e9cessaire aux fins de nos int\u00e9r\u00eats l\u00e9gitimes en tant que responsable du traitement et conform\u00e9ment \u00e0 l&rsquo;article 6, paragraphe 1, point f), du R\u00e8glement 2016\/679. Notre int\u00e9r\u00eat l\u00e9gitime r\u00e9side dans la n\u00e9cessit\u00e9 de prot\u00e9ger nos biens et les marchandises qui s&rsquo;y trouvent contre les actes ill\u00e9gaux, tels que le vol, ainsi que la s\u00e9curit\u00e9 des personnes, l&rsquo;int\u00e9grit\u00e9 physique, la sant\u00e9 et les biens de notre personnel, de nos clients et des tiers l\u00e9galement pr\u00e9sents dans la zone sous surveillance  \n\nSeul notre personnel autoris\u00e9 a acc\u00e8s aux documents conserv\u00e9s. Ces documents ne seront pas transmis \u00e0 des tiers, sauf : (a) aux autorit\u00e9s judiciaires, de poursuite et de police comp\u00e9tentes lorsqu&rsquo;ils contiennent des informations n\u00e9cessaires \u00e0 l&rsquo;enqu\u00eate sur une infraction p\u00e9nale ; (b) aux autorit\u00e9s judiciaires, de poursuite et de police comp\u00e9tentes lorsqu&rsquo;elles en font la demande l\u00e9gitimement ; et (c) \u00e0 la victime ou \u00e0 l&rsquo;auteur d&rsquo;une infraction, si les donn\u00e9es peuvent constituer une preuve de l&rsquo;acte.    \n<h3>Droits de la personne concern\u00e9e<\/h3>\nConcernant vos donn\u00e9es personnelles, vous pouvez exercer les droits suivants : droit d&rsquo;acc\u00e8s, droit d&rsquo;information, droit de rectification, droit \u00e0 l&rsquo;effacement, droit \u00e0 la limitation du traitement, droit \u00e0 la portabilit\u00e9 des donn\u00e9es et droit d&rsquo;opposition.\n\nPour exercer l&rsquo;un des droits mentionn\u00e9s ci-dessus, veuillez envoyer un courriel \u00e0 <a href=\"mailto:info@smilevos.gr\">info@smilevos.gr <\/a>en indiquant vos coordonn\u00e9es compl\u00e8tes et le motif de votre demande.\n\nLa soci\u00e9t\u00e9 mettra tout en \u0153uvre pour y r\u00e9pondre dans un d\u00e9lai d&rsquo;un (1) mois \u00e0 compter de sa r\u00e9ception. Si vous estimez que la soci\u00e9t\u00e9 enfreint la l\u00e9gislation en vigueur relative \u00e0 la protection des donn\u00e9es personnelles, vous pouvez d\u00e9poser une plainte aupr\u00e8s de l&rsquo;Autorit\u00e9 de contr\u00f4le de la protection des donn\u00e9es personnelles : <a href=\"http:\/\/www.dpa.gr\" target=\"_blank\" rel=\"noopener\">www.dpa.gr<\/a>, 1-3 Kifissias, CP 11523, Ath\u00e8nes, t\u00e9l.210 6475600, courriel : <a href=\"mailto:contact@dpa.gr\">contact@dpa.gr<\/a>. \n\n<hr>\n\n<h2>Politique relative aux cookies<\/h2>\n<h3>Qu&rsquo;est-ce qu&rsquo;un cookie?<\/h3>\nLe terme \u00ab <strong>cookie <\/strong>\u00bb d\u00e9signe un petit fichier de donn\u00e9es contenant uniquement des informations textuelles que le site transmet au navigateur web et qui est stock\u00e9 sur le disque dur de votre ordinateur. Ce fichier est temporaire, pendant votre visite, ou persiste parfois plus longtemps, selon le type de cookie. La plupart des sites web utilisent des cookies pour am\u00e9liorer votre exp\u00e9rience utilisateur. \n<h3>Types de cookies<\/h3>\n<ul>\n \t<li><strong>Cookies de session<\/strong> \u2014 Cookies temporaires qui restent dans le fichier de cookies de votre navigateur uniquement pendant votre visite et sont supprim\u00e9s lorsque vous fermez le navigateur.<\/li>\n \t<li><strong>Cookies persistants<\/strong> \u2014 Ces cookies restent dans le fichier de cookies de votre navigateur m\u00eame apr\u00e8s sa fermeture, parfois pendant un an ou plus.<\/li>\n \t<li><strong>Cookies internes<\/strong> \u2014 Cookies install\u00e9s sur votre navigateur par le site que vous visitez, utilis\u00e9s pour g\u00e9rer les visites et \u00e0 des fins d&rsquo;identification.<\/li>\n \t<li><strong> Cookies tiers<\/strong> \u2014 Cookies utilis\u00e9s par des tiers, tels que les r\u00e9seaux sociaux, pour suivre vos visites sur diff\u00e9rents sites. L&rsquo;administrateur du site n&rsquo;a aucun contr\u00f4le sur ces cookies. <\/li>\n<\/ul>\n<h3>Cookies sur ce site et comment les g\u00e9rer<\/h3>\nSur ce site, nous utilisons des cookies pour am\u00e9liorer votre exp\u00e9rience utilisateur. Le fonctionnement du site sera fortement alt\u00e9r\u00e9 si vous d\u00e9sactivez ou refusez l&rsquo;utilisation des cookies. Pour obtenir de l&rsquo;aide sur la gestion de certains types de cookies, veuillez consulter le site <a href=\"http:\/\/www.aboutcookies.org\" target=\"_blank\" rel=\"noopener\">www.aboutcookies.org.<\/a>  \n<h3>Cookies Google Analytics<\/h3>\nLes cookies Google Analytics sont des cookies d&rsquo;analyse de performance qui nous permettent de collecter des informations anonymes sur la fa\u00e7on dont les visiteurs utilisent notre site (nombre de visiteurs, dur\u00e9e des visites, parcours de navigation). Ces informations nous aident \u00e0 am\u00e9liorer le fonctionnement de notre site et ne contiennent aucune donn\u00e9e personnelle. Pour plus d&rsquo;informations, veuillez consulter <a href=\"https:\/\/support.google.com\/analytics\/answer\/6004245\" target=\"_blank\" rel=\"noopener\">la politique de confidentialit\u00e9 de Google Analytics<\/a>. Vous pouvez vous d\u00e9sinscrire \u00e0 tout moment via <a href=\"https:\/\/tools.google.com\/dlpage\/gaoptout\" target=\"_blank\" rel=\"noopener\">l&rsquo;outil de d\u00e9sactivation de Google Analytics<\/a>.   \n<h3>Cookies des fournisseurs de vid\u00e9os<\/h3>\nLes fournisseurs de vid\u00e9os peuvent d\u00e9poser des cookies sur votre appareil si vous regardez leurs vid\u00e9os sur notre site. Si vous d\u00e9sactivez ces cookies, vous risquez de ne pas pouvoir visionner les vid\u00e9os int\u00e9gr\u00e9es \u00e0 notre site. \n<h3>Cookies des r\u00e9seaux sociaux<\/h3>\nLes r\u00e9seaux sociaux tiers peuvent d\u00e9poser des cookies sur votre appareil si vous choisissez de partager une page web de notre site en cliquant sur l&rsquo;un des boutons \u00ab Partager \u00bb. Si vous d\u00e9sactivez ces cookies, vous ne pourrez pas partager notre contenu avec les r\u00e9seaux sociaux tiers. \n<h3>\u00c0 propos du serveur web de ce site<\/h3>\nTout le trafic web entre ce site et votre navigateur est chiffr\u00e9 et transf\u00e9r\u00e9 via le protocole HTTPS utilisant le protocole SSL (Secure Sockets Layer). Nos serveurs enregistrent l&rsquo;adresse IP de l&rsquo;utilisateur et, en cas d&rsquo;\u00e9chec de connexion, son nom d&rsquo;utilisateur, dans des fichiers journaux gr\u00e2ce \u00e0 des syst\u00e8mes de s\u00e9curit\u00e9 (pare-feu, filtres DDoS, filtres HTTP, filtres anti-injection SQL, statistiques de visites, services Cloudflare) et des sauvegardes. Toutes ces donn\u00e9es sont conserv\u00e9es pendant une courte dur\u00e9e sur nos serveurs, qui sont prot\u00e9g\u00e9s par des protocoles de s\u00e9curit\u00e9 modernes, afin que seul le personnel autoris\u00e9 puisse y acc\u00e9der.  \n<h3>Sous-traitants de donn\u00e9es personnelles<\/h3>\nNous faisons appel \u00e0 plusieurs sous-traitants pour le traitement de donn\u00e9es personnelles (par exemple, services de centres de donn\u00e9es, d&rsquo;h\u00e9bergement, de sauvegarde, de paiement, de transport, de marketing, etc.). Ces sous-traitants ont \u00e9t\u00e9 rigoureusement s\u00e9lectionn\u00e9s afin de garantir leur conformit\u00e9 avec la l\u00e9gislation mentionn\u00e9e dans le pr\u00e9sent document. \n<h3>Violation de donn\u00e9es<\/h3>\nToutes les mesures n\u00e9cessaires sont prises pour assurer la s\u00e9curit\u00e9 maximale des informations personnelles stock\u00e9es dans notre base de donn\u00e9es. Nous signalerons toute violation ill\u00e9gale de notre base de donn\u00e9es \u00e0 toutes les parties prenantes et autorit\u00e9s comp\u00e9tentes dans les 72 heures suivant la constatation de l&rsquo;infraction, s&rsquo;il est \u00e9vident que des donn\u00e9es personnelles stock\u00e9es sous une forme identifiable ont \u00e9t\u00e9 d\u00e9rob\u00e9es. \n<h3>D\u00e9l\u00e9gu\u00e9 \u00e0 la protection des donn\u00e9es (DPD)<\/h3>\nVous pouvez contacter le d\u00e9l\u00e9gu\u00e9 \u00e0 la protection des donn\u00e9es (DPO) de ce site en utilisant l&rsquo;adresse \u00e9lectronique figurant sur notre <a href=\"https:\/\/www.smilevos.gr\/fr\/contact\/\">page de contact<\/a>.\t\t\t\t\t\t\t\t<\/div>\n\t\t\t\t\t<\/div>\n\t\t\t\t<\/div>\n\t\t\t\t<\/div>\n\t\t","protected":false},"excerpt":{"rendered":"<p>Politique de confidentialit\u00e9 La soci\u00e9t\u00e9 Smile Vosmandros D. SA, situ\u00e9e dans la zone industrielle de Thessalonique, DA 12A, CP 57022 Sindos, t\u00e9l. +30-2310-680544, garantit la confidentialit\u00e9 de vos donn\u00e9es personnelles et applique le R\u00e8glement g\u00e9n\u00e9ral sur la protection des donn\u00e9es (RGPD) 679\/2016 de l&rsquo;Union europ\u00e9enne ainsi que la l\u00e9gislation grecque en vigueur dans toutes ses [&hellip;]<\/p>\n","protected":false},"author":1,"featured_media":0,"parent":0,"menu_order":0,"comment_status":"closed","ping_status":"open","template":"","meta":{"footnotes":""},"class_list":["post-3241","page","type-page","status-publish","hentry"],"_links":{"self":[{"href":"https:\/\/www.smilevos.gr\/fr\/wp-json\/wp\/v2\/pages\/3241","targetHints":{"allow":["GET"]}}],"collection":[{"href":"https:\/\/www.smilevos.gr\/fr\/wp-json\/wp\/v2\/pages"}],"about":[{"href":"https:\/\/www.smilevos.gr\/fr\/wp-json\/wp\/v2\/types\/page"}],"author":[{"embeddable":true,"href":"https:\/\/www.smilevos.gr\/fr\/wp-json\/wp\/v2\/users\/1"}],"replies":[{"embeddable":true,"href":"https:\/\/www.smilevos.gr\/fr\/wp-json\/wp\/v2\/comments?post=3241"}],"version-history":[{"count":1,"href":"https:\/\/www.smilevos.gr\/fr\/wp-json\/wp\/v2\/pages\/3241\/revisions"}],"predecessor-version":[{"id":3242,"href":"https:\/\/www.smilevos.gr\/fr\/wp-json\/wp\/v2\/pages\/3241\/revisions\/3242"}],"wp:attachment":[{"href":"https:\/\/www.smilevos.gr\/fr\/wp-json\/wp\/v2\/media?parent=3241"}],"curies":[{"name":"wp","href":"https:\/\/api.w.org\/{rel}","templated":true}]}}