{"id":2006,"date":"2025-12-30T13:32:01","date_gmt":"2025-12-30T13:32:01","guid":{"rendered":"https:\/\/smilevos.gr\/contact\/"},"modified":"2026-03-24T11:57:49","modified_gmt":"2026-03-24T11:57:49","slug":"contact","status":"publish","type":"page","link":"https:\/\/www.smilevos.gr\/fr\/contact\/","title":{"rendered":"Contact"},"content":{"rendered":"\t\t<div data-elementor-type=\"wp-page\" data-elementor-id=\"2006\" class=\"elementor elementor-2006 elementor-879\" data-elementor-post-type=\"page\">\n\t\t\t\t<div data-particle_enable=\"false\" data-particle-mobile-disabled=\"false\" class=\"elementor-element elementor-element-a2293c1 e-con-full e-flex e-con e-parent\" data-id=\"a2293c1\" data-element_type=\"container\" data-e-type=\"container\" data-settings=\"{&quot;background_background&quot;:&quot;classic&quot;}\">\n\t\t\t\t<div class=\"elementor-element elementor-element-ae79312 elementor-widget__width-initial elementor-widget elementor-widget-heading\" data-id=\"ae79312\" data-element_type=\"widget\" data-e-type=\"widget\" data-widget_type=\"heading.default\">\n\t\t\t\t\t<h1 class=\"elementor-heading-title elementor-size-default\"><span style=\"font-family: 'ivypresto-display'\">VISION <\/span>COMMUNE,\n<br><span style=\"font-family: 'ivypresto-display'\">SUCC\u00c8S <\/span>PARTAG\u00c9.<\/h1>\t\t\t\t<\/div>\n\t\t\t\t<div class=\"elementor-element elementor-element-11ff922 elementor-view-default elementor-widget elementor-widget-icon\" data-id=\"11ff922\" data-element_type=\"widget\" data-e-type=\"widget\" data-widget_type=\"icon.default\">\n\t\t\t\t\t\t\t<div class=\"elementor-icon-wrapper\">\n\t\t\t<div class=\"elementor-icon\">\n\t\t\t<i aria-hidden=\"true\" class=\"icon icon-arrow-right1\"><\/i>\t\t\t<\/div>\n\t\t<\/div>\n\t\t\t\t\t\t<\/div>\n\t\t\t\t<\/div>\n\t\t<div data-particle_enable=\"false\" data-particle-mobile-disabled=\"false\" class=\"elementor-element elementor-element-889a36d e-con-full e-flex e-con e-parent\" data-id=\"889a36d\" data-element_type=\"container\" data-e-type=\"container\" data-settings=\"{&quot;background_background&quot;:&quot;classic&quot;}\">\n\t\t<div data-particle_enable=\"false\" data-particle-mobile-disabled=\"false\" class=\"elementor-element elementor-element-9b9002d e-con-full e-flex e-con e-child\" data-id=\"9b9002d\" data-element_type=\"container\" data-e-type=\"container\">\n\t\t\t\t<div class=\"elementor-element elementor-element-e105c44 elementor-widget elementor-widget-text-editor\" data-id=\"e105c44\" data-element_type=\"widget\" data-e-type=\"widget\" data-widget_type=\"text-editor.default\">\n\t\t\t\t\t\t\t\t\t<p>Pour nous chez Smile, une collaboration n\u2019est jamais simplement un accord.<\/p><p>C\u2019est une relation authentique, construite sur la confiance, la transparence et la force d\u2019un objectif commun. <\/p><p>Nous recherchons des partenariats solides et durables, fond\u00e9s sur la qualit\u00e9, la fiabilit\u00e9 et l\u2019\u00e9volution mutuelle.<\/p>\t\t\t\t\t\t\t\t<\/div>\n\t\t\t\t<div class=\"elementor-element elementor-element-48292be elementor-widget elementor-widget-image\" data-id=\"48292be\" data-element_type=\"widget\" data-e-type=\"widget\" data-widget_type=\"image.default\">\n\t\t\t\t\t\t\t\t\t\t\t\t\t\t\t<img fetchpriority=\"high\" decoding=\"async\" width=\"1290\" height=\"708\" src=\"https:\/\/www.smilevos.gr\/wp-content\/uploads\/2025\/12\/Group-35@2x.png\" class=\"attachment-full size-full wp-image-2004\" alt=\"\" srcset=\"https:\/\/www.smilevos.gr\/wp-content\/uploads\/2025\/12\/Group-35@2x.png 1290w, https:\/\/www.smilevos.gr\/wp-content\/uploads\/2025\/12\/Group-35@2x-300x165.png 300w, https:\/\/www.smilevos.gr\/wp-content\/uploads\/2025\/12\/Group-35@2x-1024x562.png 1024w, https:\/\/www.smilevos.gr\/wp-content\/uploads\/2025\/12\/Group-35@2x-768x422.png 768w\" sizes=\"(max-width: 1290px) 100vw, 1290px\" \/>\t\t\t\t\t\t\t\t\t\t\t\t\t\t\t<\/div>\n\t\t\t\t<\/div>\n\t\t<div data-particle_enable=\"false\" data-particle-mobile-disabled=\"false\" class=\"elementor-element elementor-element-c8e602c e-con-full e-flex e-con e-child\" data-id=\"c8e602c\" data-element_type=\"container\" data-e-type=\"container\">\n\t\t\t\t<div class=\"elementor-element elementor-element-ab5e365 elementor-widget elementor-widget-heading\" data-id=\"ab5e365\" data-element_type=\"widget\" data-e-type=\"widget\" data-widget_type=\"heading.default\">\n\t\t\t\t\t<h1 class=\"elementor-heading-title elementor-size-default\">Contactez-nous<\/h1>\t\t\t\t<\/div>\n\t\t\t\t<div class=\"elementor-element elementor-element-283ed12 elementor-button-align-stretch elementor-widget elementor-widget-form\" data-id=\"283ed12\" data-element_type=\"widget\" data-e-type=\"widget\" data-settings=\"{&quot;step_next_label&quot;:&quot;Suivant&quot;,&quot;step_previous_label&quot;:&quot;Pr\\u00e9c\\u00e9dent&quot;,&quot;button_width&quot;:&quot;100&quot;,&quot;step_type&quot;:&quot;number_text&quot;,&quot;step_icon_shape&quot;:&quot;circle&quot;}\" data-widget_type=\"form.default\">\n\t\t\t\t\t\t\t<form class=\"elementor-form\" method=\"post\" name=\"Nouveau formulaire\" aria-label=\"Nouveau formulaire\">\n\t\t\t<input type=\"hidden\" name=\"post_id\" value=\"2006\"\/>\n\t\t\t<input type=\"hidden\" name=\"form_id\" value=\"283ed12\"\/>\n\t\t\t<input type=\"hidden\" name=\"referer_title\" value=\"Contact - Smile\" \/>\n\n\t\t\t\t\t\t\t<input type=\"hidden\" name=\"queried_id\" value=\"2006\"\/>\n\t\t\t\n\t\t\t<div class=\"elementor-form-fields-wrapper elementor-labels-\">\n\t\t\t\t\t\t\t\t<div class=\"elementor-field-type-text elementor-field-group elementor-column elementor-field-group-field_03149f8 elementor-col-100 elementor-field-required\">\n\t\t\t\t\t\t\t\t\t\t\t\t<label for=\"form-field-field_03149f8\" class=\"elementor-field-label elementor-screen-only\">\n\t\t\t\t\t\t\t\tPr\u00e9nom\t\t\t\t\t\t\t<\/label>\n\t\t\t\t\t\t\t\t\t\t\t\t\t\t<input size=\"1\" type=\"text\" name=\"form_fields[field_03149f8]\" id=\"form-field-field_03149f8\" class=\"elementor-field elementor-size-xl  elementor-field-textual\" placeholder=\"Pr\u00e9nom\" required=\"required\">\n\t\t\t\t\t\t\t\t\t\t\t<\/div>\n\t\t\t\t\t\t\t\t<div class=\"elementor-field-type-text elementor-field-group elementor-column elementor-field-group-field_4d17068 elementor-col-100 elementor-field-required\">\n\t\t\t\t\t\t\t\t\t\t\t\t<label for=\"form-field-field_4d17068\" class=\"elementor-field-label elementor-screen-only\">\n\t\t\t\t\t\t\t\tNom de famille\t\t\t\t\t\t\t<\/label>\n\t\t\t\t\t\t\t\t\t\t\t\t\t\t<input size=\"1\" type=\"text\" name=\"form_fields[field_4d17068]\" id=\"form-field-field_4d17068\" class=\"elementor-field elementor-size-xl  elementor-field-textual\" placeholder=\"Nom de famille\" required=\"required\">\n\t\t\t\t\t\t\t\t\t\t\t<\/div>\n\t\t\t\t\t\t\t\t<div class=\"elementor-field-type-email elementor-field-group elementor-column elementor-field-group-field_234b0ae elementor-col-100 elementor-field-required\">\n\t\t\t\t\t\t\t\t\t\t\t\t<label for=\"form-field-field_234b0ae\" class=\"elementor-field-label elementor-screen-only\">\n\t\t\t\t\t\t\t\tEmail\t\t\t\t\t\t\t<\/label>\n\t\t\t\t\t\t\t\t\t\t\t\t\t\t<input size=\"1\" type=\"email\" name=\"form_fields[field_234b0ae]\" id=\"form-field-field_234b0ae\" class=\"elementor-field elementor-size-xl  elementor-field-textual\" placeholder=\"Email\" required=\"required\">\n\t\t\t\t\t\t\t\t\t\t\t<\/div>\n\t\t\t\t\t\t\t\t<div class=\"elementor-field-type-textarea elementor-field-group elementor-column elementor-field-group-message elementor-col-100 elementor-field-required\">\n\t\t\t\t\t\t\t\t\t\t\t\t<label for=\"form-field-message\" class=\"elementor-field-label elementor-screen-only\">\n\t\t\t\t\t\t\t\tMessage\t\t\t\t\t\t\t<\/label>\n\t\t\t\t\t\t<textarea class=\"elementor-field-textual elementor-field  elementor-size-xl\" name=\"form_fields[message]\" id=\"form-field-message\" rows=\"5\" placeholder=\"Message\" required=\"required\"><\/textarea>\t\t\t\t<\/div>\n\t\t\t\t\t\t\t\t<div class=\"elementor-field-type-text\">\n\t\t\t\t\t<input size=\"1\" type=\"text\" name=\"form_fields[field_18a70ea]\" id=\"form-field-field_18a70ea\" class=\"elementor-field elementor-size-xl \" style=\"display:none !important;\">\t\t\t\t<\/div>\n\t\t\t\t\t\t\t\t<div class=\"elementor-field-type-recaptcha_v3 elementor-field-group elementor-column elementor-field-group-field_eb408fa elementor-col-100 recaptcha_v3-bottomright\">\n\t\t\t\t\t<div class=\"elementor-field\" id=\"form-field-field_eb408fa\"><div class=\"elementor-g-recaptcha\" data-sitekey=\"6LdZjoYsAAAAAHyLztVdDo3KXfhj9NzBFuox5QT9\" data-type=\"v3\" data-action=\"Form\" data-badge=\"bottomright\" data-size=\"invisible\"><\/div><\/div>\t\t\t\t<\/div>\n\t\t\t\t\t\t\t\t<div class=\"elementor-field-group elementor-column elementor-field-type-submit elementor-col-100 e-form__buttons\">\n\t\t\t\t\t<button class=\"elementor-button elementor-size-sm\" type=\"submit\">\n\t\t\t\t\t\t<span class=\"elementor-button-content-wrapper\">\n\t\t\t\t\t\t\t\t\t\t\t\t\t\t\t\t\t\t\t\t\t\t<span class=\"elementor-button-text\">Envoyer<\/span>\n\t\t\t\t\t\t\t\t\t\t\t\t\t<\/span>\n\t\t\t\t\t<\/button>\n\t\t\t\t<\/div>\n\t\t\t<\/div>\n\t\t<\/form>\n\t\t\t\t\t\t<\/div>\n\t\t\t\t<div class=\"elementor-element elementor-element-85d686c elementor-widget elementor-widget-shortcode\" data-id=\"85d686c\" data-element_type=\"widget\" data-e-type=\"widget\" data-widget_type=\"shortcode.default\">\n\t\t\t\t\t\t\t<div class=\"elementor-shortcode\">\n\t\t<style>\n\t\t.custom-button-wrapper {\n\t\t\tdisplay: inline-block;\n\t\t}\n\t\t.custom-learn-btn,\n\t\t.custom-submit-btn {\n\t\t\tdisplay: inline-flex;\n\t\t\talign-items: center;\n\t\t\tgap: 10px;\n\t\t\ttext-decoration: none;\n\t\t\tcolor: #8B7355;\n\t\t\ttransition: all 0.3s ease;\n\t\t\tcursor: pointer;\n\t\t}\n\t\t.btn-text {\n\t\t\tpadding: 6px 26px;\n\t\t\tborder: 2px solid #8B7355;\n\t\t\tborder-radius: 20px;\n\t\t\tfont-size: 22.8px;\n\t\t\tfont-weight: 700;\n\t\t\tbackground: transparent;\n\t\t\ttransition: all 0.3s ease;\n\t\t\twhite-space: nowrap;\n\t\t\tletter-spacing: 0.03em;\n\t\t}\n\t\t.btn-arrow {\n\t\t\twidth: 50px;\n\t\t\theight: 50px;\n\t\t\tborder: 2px solid #8B7355;\n\t\t\tborder-radius: 50%;\n\t\t\tdisplay: flex;\n\t\t\talign-items: center;\n\t\t\tjustify-content: center;\n\t\t\tbackground: transparent;\n\t\t\ttransition: all 0.3s ease;\n\t\t\tposition: relative;\n\t\t}\n\t\t.btn-arrow i {\n\t\t\tfont-family: \"icomoon\" !important;\n\t\t\tspeak: never;\n\t\t\tfont-style: normal;\n\t\t\tfont-weight: bold;\n\t\t\tfont-variant: normal;\n\t\t\ttext-transform: none;\n\t\t\tline-height: 1;\n\t\t\t-webkit-font-smoothing: antialiased;\n\t\t\t-moz-osx-font-smoothing: grayscale;\n\t\t\tfont-size: 22px;\n\t\t\tposition: absolute;\n\t\t\ttransition: opacity 0.3s ease, transform 0.3s ease;\n\t\t}\n\t\t.arrow-normal { opacity: 1; transform: translate(0, 0); }\n\t\t.arrow-hover  { opacity: 0; transform: translate(-5px, 5px); }\n\n\t\t.custom-learn-btn:hover .btn-text,\n\t\t.custom-submit-btn:hover .btn-text {\n\t\t\tbackground: #8B7355;\n\t\t\tcolor: white;\n\t\t\tborder-color: #8B7355;\n\t\t}\n\t\t.custom-learn-btn:hover .btn-arrow,\n\t\t.custom-submit-btn:hover .btn-arrow {\n\t\t\tbackground: #8B7355;\n\t\t\tcolor: white;\n\t\t\tborder-color: #8B7355;\n\t\t}\n\t\t.custom-learn-btn:hover .arrow-normal,\n\t\t.custom-submit-btn:hover .arrow-normal {\n\t\t\topacity: 0;\n\t\t\ttransform: translate(5px, -5px);\n\t\t}\n\t\t.custom-learn-btn:hover .arrow-hover,\n\t\t.custom-submit-btn:hover .arrow-hover {\n\t\t\topacity: 1;\n\t\t\ttransform: translate(0, 0);\n\t\t}\n\t\t.elementor-field-type-submit,\n\t\t.elementor-field-type-submit button {\n\t\t\tdisplay: none !important;\n\t\t}\n\n        @media (max-width: 1024px) {\n            .btn-text {\n                font-size: 18px;\n                padding: 5px 20px;\n            }\n            .btn-arrow {\n                width: 44px;\n                height: 44px;\n            }\n            .btn-arrow i {\n                font-size: 18px;\n            }\n        }\n\n        @media (max-width: 768px) {\n            .btn-text {\n                font-size: 15px;\n                padding: 4px 16px;\n            }\n            .btn-arrow {\n                width: 38px;\n                height: 38px;\n            }\n            .btn-arrow i {\n                font-size: 15px;\n            }\n        }\n\t\t<\/style>\n\t\t<div class=\"custom-button-wrapper\">\n\t\t\t<a href=\"#\" class=\"custom-submit-btn\">\n\t\t\t\t<span class=\"btn-text\">SOUMETTRE<\/span>\n\t\t\t\t<span class=\"btn-arrow\">\n\t\t\t\t\t<i class=\"icon-arrow-right1 arrow-normal\"><\/i>\n\t\t\t\t\t<i class=\"icon-arrow-up2 arrow-hover\"><\/i>\n\t\t\t\t<\/span>\n\t\t\t<\/a>\n\t\t<\/div>\n\t\t<script>\n\t\tjQuery(document).ready(function($) {\n\t\t\t$(\".elementor-field-type-submit, .elementor-field-type-submit button\").hide();\n\t\t\t$(\".custom-submit-btn\").on(\"click\", function(e) {\n\t\t\t\te.preventDefault();\n\t\t\t\tvar $form = $(this).closest(\".elementor-section, .e-con, .elementor-top-section\")\n\t\t\t\t\t\t\t\t.find(\".elementor-widget-form form\");\n\t\t\t\tif ($form.length) {\n\t\t\t\t\tvar $submitBtn = $form.find(\"button[type='submit']\").show();\n\t\t\t\t\t$submitBtn.click();\n\t\t\t\t\tsetTimeout(function() { $submitBtn.hide(); }, 100);\n\t\t\t\t}\n\t\t\t});\n\t\t});\n\t\t<\/script><\/div>\n\t\t\t\t\t\t<\/div>\n\t\t\t\t<div class=\"elementor-element elementor-element-96d0333 elementor-view-default elementor-widget elementor-widget-icon\" data-id=\"96d0333\" data-element_type=\"widget\" data-e-type=\"widget\" data-widget_type=\"icon.default\">\n\t\t\t\t\t\t\t<div class=\"elementor-icon-wrapper\">\n\t\t\t<div class=\"elementor-icon\">\n\t\t\t<i aria-hidden=\"true\" class=\"icon icon-arrow-right1\"><\/i>\t\t\t<\/div>\n\t\t<\/div>\n\t\t\t\t\t\t<\/div>\n\t\t\t\t<\/div>\n\t\t\t\t<\/div>\n\t\t\t\t<\/div>\n\t\t","protected":false},"excerpt":{"rendered":"<p>VISION COMMUNE, SUCC\u00c8S PARTAG\u00c9. Pour nous chez Smile, une collaboration n\u2019est jamais simplement un accord. C\u2019est une relation authentique, construite sur la confiance, la transparence et la force d\u2019un objectif commun. Nous recherchons des partenariats solides et durables, fond\u00e9s sur la qualit\u00e9, la fiabilit\u00e9 et l\u2019\u00e9volution mutuelle. Contactez-nous<\/p>\n","protected":false},"author":1,"featured_media":0,"parent":0,"menu_order":0,"comment_status":"closed","ping_status":"closed","template":"","meta":{"footnotes":""},"class_list":["post-2006","page","type-page","status-publish","hentry"],"_links":{"self":[{"href":"https:\/\/www.smilevos.gr\/fr\/wp-json\/wp\/v2\/pages\/2006","targetHints":{"allow":["GET"]}}],"collection":[{"href":"https:\/\/www.smilevos.gr\/fr\/wp-json\/wp\/v2\/pages"}],"about":[{"href":"https:\/\/www.smilevos.gr\/fr\/wp-json\/wp\/v2\/types\/page"}],"author":[{"embeddable":true,"href":"https:\/\/www.smilevos.gr\/fr\/wp-json\/wp\/v2\/users\/1"}],"replies":[{"embeddable":true,"href":"https:\/\/www.smilevos.gr\/fr\/wp-json\/wp\/v2\/comments?post=2006"}],"version-history":[{"count":11,"href":"https:\/\/www.smilevos.gr\/fr\/wp-json\/wp\/v2\/pages\/2006\/revisions"}],"predecessor-version":[{"id":3136,"href":"https:\/\/www.smilevos.gr\/fr\/wp-json\/wp\/v2\/pages\/2006\/revisions\/3136"}],"wp:attachment":[{"href":"https:\/\/www.smilevos.gr\/fr\/wp-json\/wp\/v2\/media?parent=2006"}],"curies":[{"name":"wp","href":"https:\/\/api.w.org\/{rel}","templated":true}]}}