{"id":2000,"date":"2025-12-30T11:27:32","date_gmt":"2025-12-30T11:27:32","guid":{"rendered":"https:\/\/smilevos.gr\/nos-marques\/"},"modified":"2026-04-02T10:57:45","modified_gmt":"2026-04-02T10:57:45","slug":"nos-marques","status":"publish","type":"page","link":"https:\/\/www.smilevos.gr\/fr\/nos-marques\/","title":{"rendered":"Nos marques"},"content":{"rendered":"\t\t<div data-elementor-type=\"wp-page\" data-elementor-id=\"2000\" class=\"elementor elementor-2000 elementor-772\" data-elementor-post-type=\"page\">\n\t\t\t\t<div data-particle_enable=\"false\" data-particle-mobile-disabled=\"false\" class=\"elementor-element elementor-element-46dbee0 e-con-full e-flex e-con e-parent\" data-id=\"46dbee0\" data-element_type=\"container\" data-e-type=\"container\" data-settings=\"{&quot;background_background&quot;:&quot;classic&quot;}\">\n\t\t\t\t<div class=\"elementor-element elementor-element-9a5be8f elementor-widget__width-initial elementor-widget elementor-widget-heading\" data-id=\"9a5be8f\" data-element_type=\"widget\" data-e-type=\"widget\" data-widget_type=\"heading.default\">\n\t\t\t\t\t<h1 class=\"elementor-heading-title elementor-size-default\">CR\u00c9\u00c9 PAR <span style=\"font-family: 'ivypresto-display'\">SMILE<\/span>,\n<br>APPR\u00c9CI\u00c9 PAR <span style=\"font-family: 'ivypresto-display'\">TOUS<\/span>.<\/h1>\t\t\t\t<\/div>\n\t\t\t\t<\/div>\n\t\t<div data-particle_enable=\"false\" data-particle-mobile-disabled=\"false\" class=\"elementor-element elementor-element-1a8242d e-con-full e-flex e-con e-parent\" data-id=\"1a8242d\" data-element_type=\"container\" data-e-type=\"container\" data-settings=\"{&quot;background_background&quot;:&quot;classic&quot;}\">\n\t\t\t\t<div class=\"elementor-element elementor-element-2672be4 elementor-widget elementor-widget-text-editor\" data-id=\"2672be4\" data-element_type=\"widget\" data-e-type=\"widget\" data-widget_type=\"text-editor.default\">\n\t\t\t\t\t\t\t\t\t<p>Chez <span style=\"font-family: 'ivypresto-display'; font-style: italic; font-weight: 500;\">Smile<\/span>, nous d\u00e9veloppons des produits qui refl\u00e8tent notre <b>vision <\/b>de la beaut\u00e9, du soin, de la <b>qualit\u00e9 <img decoding=\"async\" class=\"our-brands-icon\" style=\"display: inline-block; height: 200px; margin: 0 10px; padding: 0; vertical-align: top; scale: 2;\" src=\"\/wp-content\/uploads\/2025\/12\/Group-34@2x.png\" alt=\"produits\"><\/b>et de <b>l\u2019innovation<\/b>.<\/p>\t\t\t\t\t\t\t\t<\/div>\n\t\t\t\t<div class=\"elementor-element elementor-element-b1d2353 elementor-widget__width-initial elementor-widget elementor-widget-text-editor\" data-id=\"b1d2353\" data-element_type=\"widget\" data-e-type=\"widget\" data-widget_type=\"text-editor.default\">\n\t\t\t\t\t\t\t\t\tEn parall\u00e8le des lignes <b>private label<\/b> destin\u00e9es \u00e0 nos clients, notre unit\u00e9 de production fabrique aussi des <b>produits originaux Smile<\/b>, con\u00e7us avec le m\u00eame <b>soin<\/b>, la m\u00eame <b>pr\u00e9cision <\/b>et la m\u00eame <b>esth\u00e9tique <\/b>appliqu\u00e9s \u00e0 chaque projet.\t\t\t\t\t\t\t\t<\/div>\n\t\t\t\t<\/div>\n\t\t<div data-particle_enable=\"false\" data-particle-mobile-disabled=\"false\" class=\"elementor-element elementor-element-f414bf4 e-grid e-con-full e-con e-parent\" data-id=\"f414bf4\" data-element_type=\"container\" data-e-type=\"container\" data-settings=\"{&quot;background_background&quot;:&quot;classic&quot;}\">\n\t\t<div data-particle_enable=\"false\" data-particle-mobile-disabled=\"false\" class=\"elementor-element elementor-element-a99c2c5 e-flex e-con-boxed e-con e-child\" data-id=\"a99c2c5\" data-element_type=\"container\" data-e-type=\"container\" data-settings=\"{&quot;background_background&quot;:&quot;classic&quot;}\">\n\t\t\t\t\t<div class=\"e-con-inner\">\n\t\t\t\t\t<\/div>\n\t\t\t\t<\/div>\n\t\t<div data-particle_enable=\"false\" data-particle-mobile-disabled=\"false\" class=\"elementor-element elementor-element-eb7a3f6 e-flex e-con-boxed elementor-invisible e-con e-child\" data-id=\"eb7a3f6\" data-element_type=\"container\" data-e-type=\"container\" data-settings=\"{&quot;background_background&quot;:&quot;classic&quot;,&quot;animation&quot;:&quot;slideInRight&quot;}\">\n\t\t\t\t\t<div class=\"e-con-inner\">\n\t\t\t\t<div class=\"elementor-element elementor-element-c0c94d0 elementor-widget elementor-widget-heading\" data-id=\"c0c94d0\" data-element_type=\"widget\" data-e-type=\"widget\" data-widget_type=\"heading.default\">\n\t\t\t\t\t<h1 class=\"elementor-heading-title elementor-size-default\">So clean<\/h1>\t\t\t\t<\/div>\n\t\t\t\t<div class=\"elementor-element elementor-element-6b1768c elementor-widget__width-initial elementor-widget elementor-widget-text-editor\" data-id=\"6b1768c\" data-element_type=\"widget\" data-e-type=\"widget\" data-widget_type=\"text-editor.default\">\n\t\t\t\t\t\t\t\t\t<p>La gamme de produits So Clean a \u00e9t\u00e9 con\u00e7ue pour offrir une protection antibact\u00e9rienne fiable tout en conservant la douceur et la qualit\u00e9 caract\u00e9ristiques des produits Smile.<\/p><p>Initialement d\u00e9velopp\u00e9e pour r\u00e9pondre aux besoins accrus d\u2019hygi\u00e8ne durant la pand\u00e9mie, elle est devenue une solution durable pour l\u2019hygi\u00e8ne quotidienne des mains et des surfaces.<\/p><p>Disponible dans divers formats, du pocket size aux distributeurs professionnels, So Clean couvre tous les besoins d\u2019hygi\u00e8ne, \u00e0 la maison comme au travail.<\/p><p>Parce qu\u2019aujourd\u2019hui, le soin n\u2019est pas seulement un choix. C\u2019est une priorit\u00e9. <\/p>\t\t\t\t\t\t\t\t<\/div>\n\t\t\t\t\t<\/div>\n\t\t\t\t<\/div>\n\t\t\t\t<\/div>\n\t\t<div data-particle_enable=\"false\" data-particle-mobile-disabled=\"false\" class=\"elementor-element elementor-element-0a99f5b e-grid e-con-full e-con e-parent\" data-id=\"0a99f5b\" data-element_type=\"container\" data-e-type=\"container\" data-settings=\"{&quot;background_background&quot;:&quot;classic&quot;}\">\n\t\t<div data-particle_enable=\"false\" data-particle-mobile-disabled=\"false\" class=\"elementor-element elementor-element-96ec1b3 e-flex e-con-boxed elementor-invisible e-con e-child\" data-id=\"96ec1b3\" data-element_type=\"container\" data-e-type=\"container\" data-settings=\"{&quot;background_background&quot;:&quot;classic&quot;,&quot;animation&quot;:&quot;slideInRight&quot;}\">\n\t\t\t\t\t<div class=\"e-con-inner\">\n\t\t\t\t<div class=\"elementor-element elementor-element-45c64da elementor-widget elementor-widget-heading\" data-id=\"45c64da\" data-element_type=\"widget\" data-e-type=\"widget\" data-widget_type=\"heading.default\">\n\t\t\t\t\t<h1 class=\"elementor-heading-title elementor-size-default\">Amazonia<\/h1>\t\t\t\t<\/div>\n\t\t\t\t<div class=\"elementor-element elementor-element-dfbf461 elementor-widget__width-initial elementor-widget elementor-widget-text-editor\" data-id=\"dfbf461\" data-element_type=\"widget\" data-e-type=\"widget\" data-widget_type=\"text-editor.default\">\n\t\t\t\t\t\t\t\t\t<p>La gamme Amazonia vous permet de profiter de la nature sans stress.<br>Elle offre une protection efficace contre les moustiques et autres insectes g\u00eanants, tels que les tiques, associ\u00e9es \u00e0 des maladies graves comme la maladie de Lyme.<\/p><p><br>Avec des formats pratiques et des distributeurs adapt\u00e9s, Amazonia est toujours \u00e0 port\u00e9e de main: dans votre sac, au camping, sur le balcon ou dans votre valise.<\/p><p><br>Pour vous et ceux que vous aimez.<\/p>\t\t\t\t\t\t\t\t<\/div>\n\t\t\t\t\t<\/div>\n\t\t\t\t<\/div>\n\t\t<div data-particle_enable=\"false\" data-particle-mobile-disabled=\"false\" class=\"elementor-element elementor-element-07a5ed9 e-flex e-con-boxed e-con e-child\" data-id=\"07a5ed9\" data-element_type=\"container\" data-e-type=\"container\" data-settings=\"{&quot;background_background&quot;:&quot;classic&quot;}\">\n\t\t\t\t\t<div class=\"e-con-inner\">\n\t\t\t\t\t<\/div>\n\t\t\t\t<\/div>\n\t\t\t\t<\/div>\n\t\t<div data-particle_enable=\"false\" data-particle-mobile-disabled=\"false\" class=\"elementor-element elementor-element-0d26f7a e-con-full e-flex e-con e-parent\" data-id=\"0d26f7a\" data-element_type=\"container\" data-e-type=\"container\" data-settings=\"{&quot;background_background&quot;:&quot;classic&quot;}\">\n\t\t\t\t<div class=\"elementor-element elementor-element-22adfae elementor-widget elementor-widget-heading\" data-id=\"22adfae\" data-element_type=\"widget\" data-e-type=\"widget\" data-widget_type=\"heading.default\">\n\t\t\t\t\t<h3 class=\"elementor-heading-title elementor-size-default\">Chaque produit qui porte notre nom est le fruit d\u2019une expertise, d\u2019une exp\u00e9rience et d\u2019une \u00e9volution continue.<\/h3>\t\t\t\t<\/div>\n\t\t\t\t<\/div>\n\t\t\t\t<\/div>\n\t\t","protected":false},"excerpt":{"rendered":"<p>CR\u00c9\u00c9 PAR SMILE, APPR\u00c9CI\u00c9 PAR TOUS. Chez Smile, nous d\u00e9veloppons des produits qui refl\u00e8tent notre vision de la beaut\u00e9, du soin, de la qualit\u00e9 et de l\u2019innovation. En parall\u00e8le des lignes private label destin\u00e9es \u00e0 nos clients, notre unit\u00e9 de production fabrique aussi des produits originaux Smile, con\u00e7us avec le m\u00eame soin, la m\u00eame pr\u00e9cision [&hellip;]<\/p>\n","protected":false},"author":1,"featured_media":0,"parent":0,"menu_order":0,"comment_status":"closed","ping_status":"closed","template":"","meta":{"footnotes":""},"class_list":["post-2000","page","type-page","status-publish","hentry"],"_links":{"self":[{"href":"https:\/\/www.smilevos.gr\/fr\/wp-json\/wp\/v2\/pages\/2000","targetHints":{"allow":["GET"]}}],"collection":[{"href":"https:\/\/www.smilevos.gr\/fr\/wp-json\/wp\/v2\/pages"}],"about":[{"href":"https:\/\/www.smilevos.gr\/fr\/wp-json\/wp\/v2\/types\/page"}],"author":[{"embeddable":true,"href":"https:\/\/www.smilevos.gr\/fr\/wp-json\/wp\/v2\/users\/1"}],"replies":[{"embeddable":true,"href":"https:\/\/www.smilevos.gr\/fr\/wp-json\/wp\/v2\/comments?post=2000"}],"version-history":[{"count":15,"href":"https:\/\/www.smilevos.gr\/fr\/wp-json\/wp\/v2\/pages\/2000\/revisions"}],"predecessor-version":[{"id":3182,"href":"https:\/\/www.smilevos.gr\/fr\/wp-json\/wp\/v2\/pages\/2000\/revisions\/3182"}],"wp:attachment":[{"href":"https:\/\/www.smilevos.gr\/fr\/wp-json\/wp\/v2\/media?parent=2000"}],"curies":[{"name":"wp","href":"https:\/\/api.w.org\/{rel}","templated":true}]}}